{"id":11,"date":"2022-08-06T22:54:57","date_gmt":"2022-08-06T22:54:57","guid":{"rendered":"https:\/\/abcrincorporadora.com\/?page_id=11"},"modified":"2025-02-19T13:11:09","modified_gmt":"2025-02-19T13:11:09","slug":"home","status":"publish","type":"page","link":"https:\/\/abcrincorporadora.com\/","title":{"rendered":"Home"},"content":{"rendered":"<div id=\"pl-11\"  class=\"panel-layout\" ><div id=\"pg-11-0\"  class=\"panel-grid panel-has-style\" ><div class=\"siteorigin-panels-stretch panel-row-style panel-row-style-for-11-0\" style=\"padding: 0px 0; \" data-stretch-type=\"full-width-stretch\" data-overlay=\"true\" data-overlay-color=\"#000000\" ><div id=\"pgc-11-0-0\"  class=\"panel-grid-cell\" ><div id=\"panel-11-0-0-0\" class=\"so-panel widget widget_siteorigin-panels-builder panel-first-child panel-last-child\" data-index=\"0\" ><div class=\"banner panel-widget-style panel-widget-style-for-11-0-0-0\" style=\"text-align: left;\" data-title-color=\"#47425d\" data-headings-color=\"#443f3f\" data-title_alignment=\"center\" ><div id=\"pl-w67af82e48f034\"  class=\"panel-layout\" ><div id=\"pg-w67af82e48f034-0\"  class=\"panel-grid panel-has-style\" ><div style=\"padding: 0px 0; \" data-overlay=\"true\" data-overlay-color=\"#000000\" class=\"panel-row-style panel-row-style-for-w67af82e48f034-0\" ><div id=\"pgc-w67af82e48f034-0-0\"  class=\"panel-grid-cell\" ><div id=\"panel-w67af82e48f034-0-0-0\" class=\"so-panel widget widget_sow-editor panel-first-child panel-last-child\" data-index=\"0\" ><div class=\"banner1 panel-widget-style panel-widget-style-for-w67af82e48f034-0-0-0\" style=\"text-align: left;\" data-title-color=\"#47425d\" data-headings-color=\"#443f3f\" data-title_alignment=\"center\" ><div\n\t\t\t\n\t\t\tclass=\"so-widget-sow-editor so-widget-sow-editor-base\"\n\t\t\t\n\t\t>\n<div class=\"siteorigin-widget-tinymce textwidget\">\n\t<\/div>\n<\/div><\/div><\/div><\/div><\/div><\/div><\/div><a href=\"https:\/\/api.whatsapp.com\/send\/?phone=5541991547157&#038;text=Ol\u00e1%2C+vim+do+Google+e+quero+mais+informa\u00e7\u00f5es&#038;type=phone_number&#038;app_absent=0\" class=\"so-premium-link-overlay\">&nbsp;<\/a><\/div><\/div><\/div><\/div><\/div><div id=\"pg-11-1\"  class=\"panel-grid panel-has-style\" ><div class=\"destaqueline siteorigin-panels-stretch panel-row-style panel-row-style-for-11-1\" style=\"padding: 0px 0; \" data-stretch-type=\"full-width-stretch\" data-overlay=\"true\" data-overlay-color=\"#000000\" ><div id=\"pgc-11-1-0\"  class=\"panel-grid-cell\" ><div id=\"panel-11-1-0-0\" class=\"so-panel widget widget_sow-editor panel-first-child panel-last-child\" data-index=\"1\" ><div class=\"linha panel-widget-style panel-widget-style-for-11-1-0-0\" style=\"text-align: left;\" data-title-color=\"#47425d\" data-headings-color=\"#443f3f\" data-title_alignment=\"center\" ><div\n\t\t\t\n\t\t\tclass=\"so-widget-sow-editor so-widget-sow-editor-base\"\n\t\t\t\n\t\t>\n<div class=\"siteorigin-widget-tinymce textwidget\">\n\t<\/div>\n<\/div><\/div><\/div><\/div><div id=\"pgc-11-1-1\"  class=\"panel-grid-cell\" ><div id=\"panel-11-1-1-0\" class=\"so-panel widget widget_sow-editor panel-first-child panel-last-child\" data-index=\"2\" ><div class=\"destaque panel-widget-style panel-widget-style-for-11-1-1-0\" style=\"text-align: left;\" data-title-color=\"#47425d\" data-headings-color=\"#443f3f\" data-title_alignment=\"center\" ><div\n\t\t\t\n\t\t\tclass=\"so-widget-sow-editor so-widget-sow-editor-base\"\n\t\t\t\n\t\t>\n<div class=\"siteorigin-widget-tinymce textwidget\">\n\t<h1 style=\"text-align: center;\">ENTREGA EM 2025<\/h1>\n<\/div>\n<\/div><\/div><\/div><\/div><div id=\"pgc-11-1-2\"  class=\"panel-grid-cell\" ><div id=\"panel-11-1-2-0\" class=\"so-panel widget widget_sow-editor panel-first-child panel-last-child\" data-index=\"3\" ><div class=\"linha panel-widget-style panel-widget-style-for-11-1-2-0\" style=\"text-align: left;\" data-title-color=\"#47425d\" data-headings-color=\"#443f3f\" data-title_alignment=\"center\" ><div\n\t\t\t\n\t\t\tclass=\"so-widget-sow-editor so-widget-sow-editor-base\"\n\t\t\t\n\t\t>\n<div class=\"siteorigin-widget-tinymce textwidget\">\n\t<\/div>\n<\/div><\/div><\/div><\/div><\/div><\/div><div id=\"pg-11-2\"  class=\"panel-grid panel-has-style\" ><div class=\"dadosline panel-row-style panel-row-style-for-11-2\" style=\"padding: 0px 0; \" data-overlay=\"true\" data-overlay-color=\"#000000\" ><div id=\"pgc-11-2-0\"  class=\"panel-grid-cell\" ><div id=\"panel-11-2-0-0\" class=\"so-panel widget widget_sow-editor panel-first-child panel-last-child\" data-index=\"4\" ><div class=\"dados1 panel-widget-style panel-widget-style-for-11-2-0-0\" style=\"text-align: left;\" data-title-color=\"#47425d\" data-headings-color=\"#443f3f\" data-title_alignment=\"center\" ><div\n\t\t\t\n\t\t\tclass=\"so-widget-sow-editor so-widget-sow-editor-base\"\n\t\t\t\n\t\t>\n<div class=\"siteorigin-widget-tinymce textwidget\">\n\t<p>\u2022 A uma quadra do CLUBE<br \/>\nCURITIBANO - \u00c1GUA VERDE<\/p>\n<\/div>\n<\/div><\/div><\/div><\/div><div id=\"pgc-11-2-1\"  class=\"panel-grid-cell\" ><div id=\"panel-11-2-1-0\" class=\"so-panel widget widget_sow-editor panel-first-child panel-last-child\" data-index=\"5\" ><div class=\"dados2 panel-widget-style panel-widget-style-for-11-2-1-0\" style=\"text-align: left;\" data-title-color=\"#47425d\" data-headings-color=\"#443f3f\" data-title_alignment=\"center\" ><div\n\t\t\t\n\t\t\tclass=\"so-widget-sow-editor so-widget-sow-editor-base\"\n\t\t\t\n\t\t>\n<div class=\"siteorigin-widget-tinymce textwidget\">\n\t<p>\u2022 78m\u00b2 de \u00e1rea privativa<br \/>\n\u2022 2 SU\u00cdTES | 1 VAGA<\/p>\n<\/div>\n<\/div><\/div><\/div><\/div><div id=\"pgc-11-2-2\"  class=\"panel-grid-cell\" ><div id=\"panel-11-2-2-0\" class=\"so-panel widget widget_sow-editor panel-first-child panel-last-child\" data-index=\"6\" ><div class=\"dados3 panel-widget-style panel-widget-style-for-11-2-2-0\" style=\"text-align: left;\" data-title-color=\"#47425d\" data-headings-color=\"#443f3f\" data-title_alignment=\"center\" ><div\n\t\t\t\n\t\t\tclass=\"so-widget-sow-editor so-widget-sow-editor-base\"\n\t\t\t\n\t\t>\n<div class=\"siteorigin-widget-tinymce textwidget\">\n\t<p style=\"text-align: center;\"><a href=\"https:\/\/api.whatsapp.com\/send\/?phone=5541991547157&text=Ol\u00e1%2C+vim+do+Google+e+quero+mais+informa\u00e7\u00f5es&type=phone_number&app_absent=0\"><button><span>A partir de:<\/span>R$1.433.900,00<\/button><\/a><\/p>\n<\/div>\n<\/div><\/div><\/div><\/div><\/div><\/div><div id=\"pg-11-3\"  class=\"panel-grid panel-has-style\" ><div class=\"imagesline panel-row-style panel-row-style-for-11-3\" style=\"padding: 100px 0; \" data-overlay=\"true\" data-overlay-color=\"#000000\" ><div id=\"pgc-11-3-0\"  class=\"panel-grid-cell\" ><div id=\"panel-11-3-0-0\" class=\"so-panel widget widget_sow-editor panel-first-child panel-last-child\" data-index=\"7\" ><div class=\"imagem1 panel-widget-style panel-widget-style-for-11-3-0-0\" style=\"text-align: left;\" data-title-color=\"#47425d\" data-headings-color=\"#443f3f\" data-title_alignment=\"center\" ><div\n\t\t\t\n\t\t\tclass=\"so-widget-sow-editor so-widget-sow-editor-base\"\n\t\t\t\n\t\t>\n<div class=\"siteorigin-widget-tinymce textwidget\">\n\t<p><img loading=\"lazy\" decoding=\"async\" class=\"alignnone size-full wp-image-43\" src=\"https:\/\/abcrincorporadora.com\/wp-content\/uploads\/2025\/02\/ABCR-lp-imagem-01.png\" alt=\"\" width=\"418\" height=\"741\" srcset=\"https:\/\/abcrincorporadora.com\/wp-content\/uploads\/2025\/02\/ABCR-lp-imagem-01.png 418w, https:\/\/abcrincorporadora.com\/wp-content\/uploads\/2025\/02\/ABCR-lp-imagem-01-169x300.png 169w, https:\/\/abcrincorporadora.com\/wp-content\/uploads\/2025\/02\/ABCR-lp-imagem-01-230x408.png 230w, https:\/\/abcrincorporadora.com\/wp-content\/uploads\/2025\/02\/ABCR-lp-imagem-01-350x620.png 350w\" sizes=\"auto, (max-width: 418px) 100vw, 418px\" \/><\/p>\n<\/div>\n<\/div><a href=\"https:\/\/api.whatsapp.com\/send\/?phone=5541991547157&#038;text=Ol\u00e1%2C+vim+do+Google+e+quero+mais+informa\u00e7\u00f5es&#038;type=phone_number&#038;app_absent=0\" class=\"so-premium-link-overlay\">&nbsp;<\/a><\/div><\/div><\/div><div id=\"pgc-11-3-1\"  class=\"panel-grid-cell\" ><div id=\"panel-11-3-1-0\" class=\"so-panel widget widget_siteorigin-panels-builder panel-first-child panel-last-child\" data-index=\"8\" ><div style=\"text-align: left;\" data-title-color=\"#47425d\" data-headings-color=\"#443f3f\" data-title_alignment=\"center\" class=\"panel-widget-style panel-widget-style-for-11-3-1-0\" ><div id=\"pl-w67af82e4906c7\"  class=\"panel-layout\" ><div id=\"pg-w67af82e4906c7-0\"  class=\"panel-grid panel-has-style\" ><div class=\"imagens panel-row-style panel-row-style-for-w67af82e4906c7-0\" style=\"padding: 0px 0; \" data-overlay=\"true\" data-overlay-color=\"#000000\" ><div id=\"pgc-w67af82e4906c7-0-0\"  class=\"panel-grid-cell\" ><div id=\"panel-w67af82e4906c7-0-0-0\" class=\"so-panel widget widget_sow-editor panel-first-child panel-last-child\" data-index=\"0\" ><div class=\"imagem2 panel-widget-style panel-widget-style-for-w67af82e4906c7-0-0-0\" style=\"text-align: left;\" data-title-color=\"#47425d\" data-headings-color=\"#443f3f\" data-title_alignment=\"center\" ><div\n\t\t\t\n\t\t\tclass=\"so-widget-sow-editor so-widget-sow-editor-base\"\n\t\t\t\n\t\t>\n<div class=\"siteorigin-widget-tinymce textwidget\">\n\t<p><img loading=\"lazy\" decoding=\"async\" class=\"alignnone size-full wp-image-46\" src=\"https:\/\/abcrincorporadora.com\/wp-content\/uploads\/2025\/02\/ABCR-lp-imagem-04.png\" alt=\"\" width=\"435\" height=\"458\" srcset=\"https:\/\/abcrincorporadora.com\/wp-content\/uploads\/2025\/02\/ABCR-lp-imagem-04.png 435w, https:\/\/abcrincorporadora.com\/wp-content\/uploads\/2025\/02\/ABCR-lp-imagem-04-285x300.png 285w, https:\/\/abcrincorporadora.com\/wp-content\/uploads\/2025\/02\/ABCR-lp-imagem-04-230x242.png 230w, https:\/\/abcrincorporadora.com\/wp-content\/uploads\/2025\/02\/ABCR-lp-imagem-04-350x369.png 350w\" sizes=\"auto, (max-width: 435px) 100vw, 435px\" \/><\/p>\n<\/div>\n<\/div><a href=\"https:\/\/api.whatsapp.com\/send\/?phone=5541991547157&#038;text=Ol\u00e1%2C+vim+do+Google+e+quero+mais+informa\u00e7\u00f5es&#038;type=phone_number&#038;app_absent=0\" class=\"so-premium-link-overlay\">&nbsp;<\/a><\/div><\/div><\/div><div id=\"pgc-w67af82e4906c7-0-1\"  class=\"panel-grid-cell\" ><div id=\"panel-w67af82e4906c7-0-1-0\" class=\"so-panel widget widget_sow-editor panel-first-child panel-last-child\" data-index=\"1\" ><div class=\"imagem3 panel-widget-style panel-widget-style-for-w67af82e4906c7-0-1-0\" style=\"text-align: left;\" data-title-color=\"#47425d\" data-headings-color=\"#443f3f\" data-title_alignment=\"center\" ><div\n\t\t\t\n\t\t\tclass=\"so-widget-sow-editor so-widget-sow-editor-base\"\n\t\t\t\n\t\t>\n<div class=\"siteorigin-widget-tinymce textwidget\">\n\t<p><img loading=\"lazy\" decoding=\"async\" class=\"alignnone size-full wp-image-47\" src=\"https:\/\/abcrincorporadora.com\/wp-content\/uploads\/2025\/02\/ABCR-lp-imagem-05.png\" alt=\"\" width=\"299\" height=\"458\" srcset=\"https:\/\/abcrincorporadora.com\/wp-content\/uploads\/2025\/02\/ABCR-lp-imagem-05.png 299w, https:\/\/abcrincorporadora.com\/wp-content\/uploads\/2025\/02\/ABCR-lp-imagem-05-196x300.png 196w, https:\/\/abcrincorporadora.com\/wp-content\/uploads\/2025\/02\/ABCR-lp-imagem-05-230x352.png 230w\" sizes=\"auto, (max-width: 299px) 100vw, 299px\" \/><\/p>\n<\/div>\n<\/div><a href=\"https:\/\/api.whatsapp.com\/send\/?phone=5541991547157&#038;text=Ol\u00e1%2C+vim+do+Google+e+quero+mais+informa\u00e7\u00f5es&#038;type=phone_number&#038;app_absent=0\" class=\"so-premium-link-overlay\">&nbsp;<\/a><\/div><\/div><\/div><\/div><\/div><div id=\"pg-w67af82e4906c7-1\"  class=\"panel-grid panel-has-style\" ><div class=\"imagens panel-row-style panel-row-style-for-w67af82e4906c7-1\" style=\"padding: 0px 0; \" data-overlay=\"true\" data-overlay-color=\"#000000\" ><div id=\"pgc-w67af82e4906c7-1-0\"  class=\"panel-grid-cell\" ><div id=\"panel-w67af82e4906c7-1-0-0\" class=\"so-panel widget widget_sow-editor panel-first-child panel-last-child\" data-index=\"2\" ><div class=\"imagem4 panel-widget-style panel-widget-style-for-w67af82e4906c7-1-0-0\" style=\"text-align: left;\" data-title-color=\"#47425d\" data-headings-color=\"#443f3f\" data-title_alignment=\"center\" ><div\n\t\t\t\n\t\t\tclass=\"so-widget-sow-editor so-widget-sow-editor-base\"\n\t\t\t\n\t\t>\n<div class=\"siteorigin-widget-tinymce textwidget\">\n\t<p><img loading=\"lazy\" decoding=\"async\" class=\"alignnone size-full wp-image-45\" src=\"https:\/\/abcrincorporadora.com\/wp-content\/uploads\/2025\/02\/ABCR-lp-imagem-03.png\" alt=\"\" width=\"435\" height=\"257\" srcset=\"https:\/\/abcrincorporadora.com\/wp-content\/uploads\/2025\/02\/ABCR-lp-imagem-03.png 435w, https:\/\/abcrincorporadora.com\/wp-content\/uploads\/2025\/02\/ABCR-lp-imagem-03-300x177.png 300w, https:\/\/abcrincorporadora.com\/wp-content\/uploads\/2025\/02\/ABCR-lp-imagem-03-230x136.png 230w, https:\/\/abcrincorporadora.com\/wp-content\/uploads\/2025\/02\/ABCR-lp-imagem-03-350x207.png 350w\" sizes=\"auto, (max-width: 435px) 100vw, 435px\" \/><\/p>\n<\/div>\n<\/div><a href=\"https:\/\/api.whatsapp.com\/send\/?phone=5541991547157&#038;text=Ol\u00e1%2C+vim+do+Google+e+quero+mais+informa\u00e7\u00f5es&#038;type=phone_number&#038;app_absent=0\" class=\"so-premium-link-overlay\">&nbsp;<\/a><\/div><\/div><\/div><div id=\"pgc-w67af82e4906c7-1-1\"  class=\"panel-grid-cell\" ><div id=\"panel-w67af82e4906c7-1-1-0\" class=\"so-panel widget widget_sow-editor panel-first-child panel-last-child\" data-index=\"3\" ><div class=\"imagem5 panel-widget-style panel-widget-style-for-w67af82e4906c7-1-1-0\" style=\"text-align: left;\" data-title-color=\"#47425d\" data-headings-color=\"#443f3f\" data-title_alignment=\"center\" ><div\n\t\t\t\n\t\t\tclass=\"so-widget-sow-editor so-widget-sow-editor-base\"\n\t\t\t\n\t\t>\n<div class=\"siteorigin-widget-tinymce textwidget\">\n\t<p><img loading=\"lazy\" decoding=\"async\" class=\"alignnone size-full wp-image-44\" src=\"https:\/\/abcrincorporadora.com\/wp-content\/uploads\/2025\/02\/ABCR-lp-imagem-02.png\" alt=\"\" width=\"299\" height=\"257\" srcset=\"https:\/\/abcrincorporadora.com\/wp-content\/uploads\/2025\/02\/ABCR-lp-imagem-02.png 299w, https:\/\/abcrincorporadora.com\/wp-content\/uploads\/2025\/02\/ABCR-lp-imagem-02-230x198.png 230w\" sizes=\"auto, (max-width: 299px) 100vw, 299px\" \/><\/p>\n<\/div>\n<\/div><a href=\"https:\/\/api.whatsapp.com\/send\/?phone=5541991547157&#038;text=Ol\u00e1%2C+vim+do+Google+e+quero+mais+informa\u00e7\u00f5es&#038;type=phone_number&#038;app_absent=0\" class=\"so-premium-link-overlay\">&nbsp;<\/a><\/div><\/div><\/div><\/div><\/div><\/div><\/div><\/div><\/div><\/div><\/div><div id=\"pg-11-4\"  class=\"panel-grid panel-has-style\" ><div style=\"padding: 0px 0; \" data-overlay=\"true\" data-overlay-color=\"#000000\" class=\"panel-row-style panel-row-style-for-11-4\" ><div id=\"pgc-11-4-0\"  class=\"panel-grid-cell panel-grid-cell-empty\" ><\/div><div id=\"pgc-11-4-1\"  class=\"panel-grid-cell panel-grid-cell-mobile-last\" ><div id=\"panel-11-4-1-0\" class=\"so-panel widget widget_sow-editor panel-first-child panel-last-child\" data-index=\"9\" ><div class=\"agendar panel-widget-style panel-widget-style-for-11-4-1-0\" style=\"text-align: left;\" data-title-color=\"#47425d\" data-headings-color=\"#443f3f\" data-title_alignment=\"center\" ><div\n\t\t\t\n\t\t\tclass=\"so-widget-sow-editor so-widget-sow-editor-base\"\n\t\t\t\n\t\t>\n<div class=\"siteorigin-widget-tinymce textwidget\">\n\t<p style=\"text-align: center;\"><a href=\"https:\/\/api.whatsapp.com\/send\/?phone=5541991547157&amp;text=Ol\u00e1%2C+vim+do+Google+e+quero+mais+informa\u00e7\u00f5es&amp;type=phone_number&amp;app_absent=0\"><button>Agendar visita<\/button><\/a><\/p>\n<\/div>\n<\/div><\/div><\/div><\/div><div id=\"pgc-11-4-2\"  class=\"panel-grid-cell panel-grid-cell-empty\" ><\/div><\/div><\/div><div id=\"pg-11-5\"  class=\"panel-grid panel-has-style\" ><div class=\"siteorigin-panels-stretch panel-row-style panel-row-style-for-11-5\" style=\"padding: 0px 0; \" data-stretch-type=\"full-width-stretch\" data-overlay=\"true\" data-overlay-color=\"#000000\" ><div id=\"pgc-11-5-0\"  class=\"panel-grid-cell\" ><div id=\"panel-11-5-0-0\" class=\"so-panel widget widget_sow-editor panel-first-child panel-last-child\" data-index=\"10\" ><div class=\"rodape panel-widget-style panel-widget-style-for-11-5-0-0\" style=\"text-align: left;\" data-title-color=\"#47425d\" data-headings-color=\"#443f3f\" data-title_alignment=\"center\" ><div\n\t\t\t\n\t\t\tclass=\"so-widget-sow-editor so-widget-sow-editor-base\"\n\t\t\t\n\t\t>\n<div class=\"siteorigin-widget-tinymce textwidget\">\n\t<\/div>\n<\/div><a href=\"https:\/\/api.whatsapp.com\/send\/?phone=5541991547157&#038;text=Ol\u00e1%2C+vim+do+Google+e+quero+mais+informa\u00e7\u00f5es&#038;type=phone_number&#038;app_absent=0\" class=\"so-premium-link-overlay\">&nbsp;<\/a><\/div><\/div><\/div><\/div><\/div><\/div>","protected":false},"excerpt":{"rendered":"<p>ENTREGA EM 2025<\/p>\n","protected":false},"author":1,"featured_media":0,"parent":0,"menu_order":0,"comment_status":"closed","ping_status":"closed","template":"page-templates\/page_front-page.php","meta":{"_joinchat":[],"footnotes":""},"class_list":["post-11","page","type-page","status-publish","hentry"],"yoast_head":"<!-- This site is optimized with the Yoast SEO plugin v22.0 - https:\/\/yoast.com\/wordpress\/plugins\/seo\/ -->\n<title>ABCR<\/title>\n<meta name=\"robots\" content=\"index, follow, max-snippet:-1, max-image-preview:large, max-video-preview:-1\" \/>\n<link rel=\"canonical\" href=\"https:\/\/abcrincorporadora.com\/\" \/>\n<meta property=\"og:locale\" content=\"pt_BR\" \/>\n<meta property=\"og:type\" content=\"article\" \/>\n<meta property=\"og:title\" content=\"ABCR\" \/>\n<meta property=\"og:description\" content=\"ENTREGA EM 2025\" \/>\n<meta property=\"og:url\" content=\"https:\/\/abcrincorporadora.com\/\" \/>\n<meta property=\"og:site_name\" content=\"ABCR\" \/>\n<meta property=\"article:modified_time\" content=\"2025-02-19T13:11:09+00:00\" \/>\n<meta property=\"og:image\" content=\"https:\/\/abcrincorporadora.com\/wp-content\/uploads\/2025\/02\/ABCR-lp-imagem-01.png\" \/>\n<meta name=\"twitter:card\" content=\"summary_large_image\" \/>\n<meta name=\"twitter:label1\" content=\"Est. tempo de leitura\" \/>\n\t<meta name=\"twitter:data1\" content=\"2 minutos\" \/>\n<script type=\"application\/ld+json\" class=\"yoast-schema-graph\">{\"@context\":\"https:\/\/schema.org\",\"@graph\":[{\"@type\":\"WebPage\",\"@id\":\"https:\/\/abcrincorporadora.com\/\",\"url\":\"https:\/\/abcrincorporadora.com\/\",\"name\":\"ABCR\",\"isPartOf\":{\"@id\":\"https:\/\/abcrincorporadora.com\/#website\"},\"datePublished\":\"2022-08-06T22:54:57+00:00\",\"dateModified\":\"2025-02-19T13:11:09+00:00\",\"breadcrumb\":{\"@id\":\"https:\/\/abcrincorporadora.com\/#breadcrumb\"},\"inLanguage\":\"pt-BR\",\"potentialAction\":[{\"@type\":\"ReadAction\",\"target\":[\"https:\/\/abcrincorporadora.com\/\"]}]},{\"@type\":\"BreadcrumbList\",\"@id\":\"https:\/\/abcrincorporadora.com\/#breadcrumb\",\"itemListElement\":[{\"@type\":\"ListItem\",\"position\":1,\"name\":\"Home\",\"item\":\"https:\/\/abcrincorporadora.com\/\"},{\"@type\":\"ListItem\",\"position\":2,\"name\":\"Home\"}]},{\"@type\":\"WebSite\",\"@id\":\"https:\/\/abcrincorporadora.com\/#website\",\"url\":\"https:\/\/abcrincorporadora.com\/\",\"name\":\"ABCR\",\"description\":\"Piazza 685\",\"potentialAction\":[{\"@type\":\"SearchAction\",\"target\":{\"@type\":\"EntryPoint\",\"urlTemplate\":\"https:\/\/abcrincorporadora.com\/?s={search_term_string}\"},\"query-input\":\"required name=search_term_string\"}],\"inLanguage\":\"pt-BR\"}]}<\/script>\n<!-- \/ Yoast SEO plugin. -->","yoast_head_json":{"title":"ABCR","robots":{"index":"index","follow":"follow","max-snippet":"max-snippet:-1","max-image-preview":"max-image-preview:large","max-video-preview":"max-video-preview:-1"},"canonical":"https:\/\/abcrincorporadora.com\/","og_locale":"pt_BR","og_type":"article","og_title":"ABCR","og_description":"ENTREGA EM 2025","og_url":"https:\/\/abcrincorporadora.com\/","og_site_name":"ABCR","article_modified_time":"2025-02-19T13:11:09+00:00","og_image":[{"url":"https:\/\/abcrincorporadora.com\/wp-content\/uploads\/2025\/02\/ABCR-lp-imagem-01.png"}],"twitter_card":"summary_large_image","twitter_misc":{"Est. tempo de leitura":"2 minutos"},"schema":{"@context":"https:\/\/schema.org","@graph":[{"@type":"WebPage","@id":"https:\/\/abcrincorporadora.com\/","url":"https:\/\/abcrincorporadora.com\/","name":"ABCR","isPartOf":{"@id":"https:\/\/abcrincorporadora.com\/#website"},"datePublished":"2022-08-06T22:54:57+00:00","dateModified":"2025-02-19T13:11:09+00:00","breadcrumb":{"@id":"https:\/\/abcrincorporadora.com\/#breadcrumb"},"inLanguage":"pt-BR","potentialAction":[{"@type":"ReadAction","target":["https:\/\/abcrincorporadora.com\/"]}]},{"@type":"BreadcrumbList","@id":"https:\/\/abcrincorporadora.com\/#breadcrumb","itemListElement":[{"@type":"ListItem","position":1,"name":"Home","item":"https:\/\/abcrincorporadora.com\/"},{"@type":"ListItem","position":2,"name":"Home"}]},{"@type":"WebSite","@id":"https:\/\/abcrincorporadora.com\/#website","url":"https:\/\/abcrincorporadora.com\/","name":"ABCR","description":"Piazza 685","potentialAction":[{"@type":"SearchAction","target":{"@type":"EntryPoint","urlTemplate":"https:\/\/abcrincorporadora.com\/?s={search_term_string}"},"query-input":"required name=search_term_string"}],"inLanguage":"pt-BR"}]}},"_links":{"self":[{"href":"https:\/\/abcrincorporadora.com\/index.php?rest_route=\/wp\/v2\/pages\/11","targetHints":{"allow":["GET"]}}],"collection":[{"href":"https:\/\/abcrincorporadora.com\/index.php?rest_route=\/wp\/v2\/pages"}],"about":[{"href":"https:\/\/abcrincorporadora.com\/index.php?rest_route=\/wp\/v2\/types\/page"}],"author":[{"embeddable":true,"href":"https:\/\/abcrincorporadora.com\/index.php?rest_route=\/wp\/v2\/users\/1"}],"replies":[{"embeddable":true,"href":"https:\/\/abcrincorporadora.com\/index.php?rest_route=%2Fwp%2Fv2%2Fcomments&post=11"}],"version-history":[{"count":12,"href":"https:\/\/abcrincorporadora.com\/index.php?rest_route=\/wp\/v2\/pages\/11\/revisions"}],"predecessor-version":[{"id":114,"href":"https:\/\/abcrincorporadora.com\/index.php?rest_route=\/wp\/v2\/pages\/11\/revisions\/114"}],"wp:attachment":[{"href":"https:\/\/abcrincorporadora.com\/index.php?rest_route=%2Fwp%2Fv2%2Fmedia&parent=11"}],"curies":[{"name":"wp","href":"https:\/\/api.w.org\/{rel}","templated":true}]}}